{"id":229,"date":"2021-12-02T20:41:45","date_gmt":"2021-12-02T19:41:45","guid":{"rendered":"https:\/\/xitechindustrie.fr\/?page_id=229"},"modified":"2022-04-08T19:27:50","modified_gmt":"2022-04-08T17:27:50","slug":"electricite","status":"publish","type":"page","link":"https:\/\/xitechindustrie.fr\/index.php\/electricite\/","title":{"rendered":"\u00c9lectricit\u00e9 Industrielle Tertiaire"},"content":{"rendered":"\n<p class=\"has-large-font-size\">\u00c9<strong>lectricit\u00e9 Industrielle Tertiaire<\/strong><\/p>\n\n\n\n<p class=\"has-medium-font-size\"><strong>XI TECH INDUSTRIE con\u00e7oit et r\u00e9alise tous types d&#8217;installations \u00e9lectriques et d&#8217;\u00e9quipements de b\u00e2timents dans l&#8217;industrie et le tertiaire, en neuf et r\u00e9novation<\/strong><\/p>\n\n\n\n<figure class=\"wp-block-image size-large is-style-default\"><img loading=\"lazy\" width=\"1024\" height=\"459\" src=\"http:\/\/xitechindustrie.fr\/wp-content\/uploads\/2022\/04\/ELECTRICITE-XITECH-1024x459.png\" alt=\"\" class=\"wp-image-318\" srcset=\"https:\/\/xitechindustrie.fr\/wp-content\/uploads\/2022\/04\/ELECTRICITE-XITECH-1024x459.png 1024w, https:\/\/xitechindustrie.fr\/wp-content\/uploads\/2022\/04\/ELECTRICITE-XITECH-300x134.png 300w, https:\/\/xitechindustrie.fr\/wp-content\/uploads\/2022\/04\/ELECTRICITE-XITECH-768x344.png 768w, https:\/\/xitechindustrie.fr\/wp-content\/uploads\/2022\/04\/ELECTRICITE-XITECH-1536x688.png 1536w, https:\/\/xitechindustrie.fr\/wp-content\/uploads\/2022\/04\/ELECTRICITE-XITECH-2048x917.png 2048w\" sizes=\"(max-width: 1024px) 100vw, 1024px\" \/><\/figure>\n\n\n\n<p> <\/p>\n\n\n\n<figure class=\"wp-block-gallery columns-0 is-cropped\"><ul class=\"blocks-gallery-grid\"><\/ul><\/figure>\n","protected":false},"excerpt":{"rendered":"<p>\u00c9lectricit\u00e9 Industrielle Tertiaire XI TECH INDUSTRIE con\u00e7oit et r\u00e9alise tous types d&#8217;installations \u00e9lectriques et d&#8217;\u00e9quipements de b\u00e2timents dans l&#8217;industrie et le tertiaire, en neuf et r\u00e9novation<\/p>\n","protected":false},"author":1,"featured_media":90,"parent":0,"menu_order":0,"comment_status":"closed","ping_status":"closed","template":"","meta":[],"_links":{"self":[{"href":"https:\/\/xitechindustrie.fr\/index.php\/wp-json\/wp\/v2\/pages\/229"}],"collection":[{"href":"https:\/\/xitechindustrie.fr\/index.php\/wp-json\/wp\/v2\/pages"}],"about":[{"href":"https:\/\/xitechindustrie.fr\/index.php\/wp-json\/wp\/v2\/types\/page"}],"author":[{"embeddable":true,"href":"https:\/\/xitechindustrie.fr\/index.php\/wp-json\/wp\/v2\/users\/1"}],"replies":[{"embeddable":true,"href":"https:\/\/xitechindustrie.fr\/index.php\/wp-json\/wp\/v2\/comments?post=229"}],"version-history":[{"count":9,"href":"https:\/\/xitechindustrie.fr\/index.php\/wp-json\/wp\/v2\/pages\/229\/revisions"}],"predecessor-version":[{"id":408,"href":"https:\/\/xitechindustrie.fr\/index.php\/wp-json\/wp\/v2\/pages\/229\/revisions\/408"}],"wp:featuredmedia":[{"embeddable":true,"href":"https:\/\/xitechindustrie.fr\/index.php\/wp-json\/wp\/v2\/media\/90"}],"wp:attachment":[{"href":"https:\/\/xitechindustrie.fr\/index.php\/wp-json\/wp\/v2\/media?parent=229"}],"curies":[{"name":"wp","href":"https:\/\/api.w.org\/{rel}","templated":true}]}}