{"id":228,"date":"2021-12-02T20:41:45","date_gmt":"2021-12-02T19:41:45","guid":{"rendered":"https:\/\/xitechindustrie.fr\/?page_id=228"},"modified":"2022-04-08T19:34:42","modified_gmt":"2022-04-08T17:34:42","slug":"automatisme","status":"publish","type":"page","link":"https:\/\/xitechindustrie.fr\/index.php\/automatisme\/","title":{"rendered":"Automatisme et Supervision"},"content":{"rendered":"\n<p class=\"has-large-font-size\">Nous \u00e9tudions et r\u00e9alisons des \u00e9quipements d&#8217;automatisation et de supervision de machines ou de process de fabrication<\/p>\n\n\n\n<p>Aujourd\u2019hui c&#8217;est vital pour un industriel d\u2019exploiter au maximum tous les potentiels d\u2019optimisation, que permet l\u2019ensemble du cycle de vie d\u2019une machine ou d\u2019une installation.<\/p>\n\n\n\n<p>La mise en place d\u2019un syst\u00e8me de supervision vous permet de visualiser en&nbsp;<strong>temps r\u00e9el<\/strong>&nbsp;la bonne marche de vos installations et d\u2019\u00eatre alert\u00e9 imm\u00e9diatement en cas de d\u00e9faut ou d\u2019alarme.<\/p>\n\n\n\n<p>XI TECH INDUSTRIE est en mesure de vous proposer \u00e0 travers la mise en place d\u2019un syst\u00e8me de supervision :<\/p>\n\n\n\n<div class=\"wp-block-columns\">\n<div class=\"wp-block-column\">\n<ul><li>Tra\u00e7abilit\u00e9 et gestion de process<\/li><li>Pilotage, surveillance, gestion des alarmes<\/li><li>Tra\u00e7abilit\u00e9 produits \/ contenants<\/li><li>Identification par lecture code-\u00e0-barres ou RFID<\/li><\/ul>\n\n\n\n<p>  <\/p>\n<\/div>\n\n\n\n<div class=\"wp-block-column\">\n<ul><li>Suivi de production, suivi de stocks\u2026<\/li><li>Mesure de performances machine<\/li><li>Migration d\u2019applications<\/li><li>R\u00e9gulation<\/li><\/ul>\n<\/div>\n<\/div>\n\n\n\n<div class=\"wp-block-columns\">\n<div class=\"wp-block-column\">\n<figure class=\"wp-block-image size-full is-style-default\"><img loading=\"lazy\" width=\"600\" height=\"600\" src=\"http:\/\/xitechindustrie.fr\/wp-content\/uploads\/2022\/04\/xitech-siemens-png.png\" alt=\"\" class=\"wp-image-332\" srcset=\"https:\/\/xitechindustrie.fr\/wp-content\/uploads\/2022\/04\/xitech-siemens-png.png 600w, https:\/\/xitechindustrie.fr\/wp-content\/uploads\/2022\/04\/xitech-siemens-png-300x300.png 300w, https:\/\/xitechindustrie.fr\/wp-content\/uploads\/2022\/04\/xitech-siemens-png-150x150.png 150w\" sizes=\"(max-width: 600px) 100vw, 600px\" \/><\/figure>\n<\/div>\n\n\n\n<div class=\"wp-block-column\">\n<figure class=\"wp-block-image size-full is-style-default\"><img loading=\"lazy\" width=\"600\" height=\"600\" src=\"http:\/\/xitechindustrie.fr\/wp-content\/uploads\/2022\/04\/Sans-titre-7-1.png\" alt=\"\" class=\"wp-image-330\" srcset=\"https:\/\/xitechindustrie.fr\/wp-content\/uploads\/2022\/04\/Sans-titre-7-1.png 600w, https:\/\/xitechindustrie.fr\/wp-content\/uploads\/2022\/04\/Sans-titre-7-1-300x300.png 300w, https:\/\/xitechindustrie.fr\/wp-content\/uploads\/2022\/04\/Sans-titre-7-1-150x150.png 150w\" sizes=\"(max-width: 600px) 100vw, 600px\" \/><\/figure>\n<\/div>\n\n\n\n<div class=\"wp-block-column\">\n<figure class=\"wp-block-image size-full is-style-default\"><img loading=\"lazy\" width=\"600\" height=\"600\" src=\"http:\/\/xitechindustrie.fr\/wp-content\/uploads\/2022\/04\/6ES7-214-1AG40-0XB0-materiel.tn-1.jpg\" alt=\"\" class=\"wp-image-325\" srcset=\"https:\/\/xitechindustrie.fr\/wp-content\/uploads\/2022\/04\/6ES7-214-1AG40-0XB0-materiel.tn-1.jpg 600w, https:\/\/xitechindustrie.fr\/wp-content\/uploads\/2022\/04\/6ES7-214-1AG40-0XB0-materiel.tn-1-300x300.jpg 300w, https:\/\/xitechindustrie.fr\/wp-content\/uploads\/2022\/04\/6ES7-214-1AG40-0XB0-materiel.tn-1-150x150.jpg 150w\" sizes=\"(max-width: 600px) 100vw, 600px\" \/><\/figure>\n<\/div>\n<\/div>\n\n\n\n<p>Nos solutions de supervision vous permettent de&nbsp;<strong>r\u00e9duire vos co\u00fbts de production<\/strong>, d\u2019<strong>optimiser votre consommation d\u2019\u00e9nergie<\/strong>, de&nbsp;<strong>r\u00e9duire au minimum les temps d\u2019immobilisation<\/strong>&nbsp;et de&nbsp;<strong>rendre vos installations plus productives<\/strong>.<br>Cet \u00e9quilibre entre productivit\u00e9, qualit\u00e9, et co\u00fbts est le facteur d\u00e9cisif de la r\u00e9ussite industrielle.<\/p>\n\n\n\n<div class=\"wp-block-columns\">\n<div class=\"wp-block-column\">\n<figure class=\"wp-block-image size-large is-style-rounded\"><img loading=\"lazy\" width=\"1024\" height=\"683\" src=\"http:\/\/xitechindustrie.fr\/wp-content\/uploads\/2022\/04\/pngegg-16-1024x683.png\" alt=\"\" class=\"wp-image-334\" srcset=\"https:\/\/xitechindustrie.fr\/wp-content\/uploads\/2022\/04\/pngegg-16-1024x683.png 1024w, https:\/\/xitechindustrie.fr\/wp-content\/uploads\/2022\/04\/pngegg-16-300x200.png 300w, https:\/\/xitechindustrie.fr\/wp-content\/uploads\/2022\/04\/pngegg-16-768x512.png 768w, https:\/\/xitechindustrie.fr\/wp-content\/uploads\/2022\/04\/pngegg-16-1536x1024.png 1536w, https:\/\/xitechindustrie.fr\/wp-content\/uploads\/2022\/04\/pngegg-16.png 1800w\" sizes=\"(max-width: 1024px) 100vw, 1024px\" \/><\/figure>\n<\/div>\n\n\n\n<div class=\"wp-block-column\">\n<figure class=\"wp-block-image size-full is-style-rounded\"><img loading=\"lazy\" width=\"800\" height=\"800\" src=\"http:\/\/xitechindustrie.fr\/wp-content\/uploads\/2022\/04\/pngegg-17.png\" alt=\"\" class=\"wp-image-335\" srcset=\"https:\/\/xitechindustrie.fr\/wp-content\/uploads\/2022\/04\/pngegg-17.png 800w, https:\/\/xitechindustrie.fr\/wp-content\/uploads\/2022\/04\/pngegg-17-300x300.png 300w, https:\/\/xitechindustrie.fr\/wp-content\/uploads\/2022\/04\/pngegg-17-150x150.png 150w, https:\/\/xitechindustrie.fr\/wp-content\/uploads\/2022\/04\/pngegg-17-768x768.png 768w\" sizes=\"(max-width: 800px) 100vw, 800px\" \/><\/figure>\n<\/div>\n<\/div>\n\n\n\n<p class=\"has-large-font-size\"><strong>Nos r\u00e9alisations<\/strong><\/p>\n\n\n\n<div class=\"wp-block-columns are-vertically-aligned-center\">\n<div class=\"wp-block-column is-vertically-aligned-center\" style=\"flex-basis:100%\">\n<div class=\"wp-block-group\"><div class=\"wp-block-group__inner-container\">\n<figure class=\"wp-block-gallery columns-3 is-cropped\"><ul class=\"blocks-gallery-grid\"><li class=\"blocks-gallery-item\"><figure><img loading=\"lazy\" width=\"1024\" height=\"768\" src=\"https:\/\/xitechindustrie.fr\/wp-content\/uploads\/2022\/04\/IMG_1527-3-1024x768.jpg\" alt=\"\" data-id=\"415\" data-full-url=\"https:\/\/xitechindustrie.fr\/wp-content\/uploads\/2022\/04\/IMG_1527-3-scaled.jpg\" data-link=\"https:\/\/xitechindustrie.fr\/index.php\/automatisme\/img_1527-3\/\" class=\"wp-image-415\" srcset=\"https:\/\/xitechindustrie.fr\/wp-content\/uploads\/2022\/04\/IMG_1527-3-1024x768.jpg 1024w, https:\/\/xitechindustrie.fr\/wp-content\/uploads\/2022\/04\/IMG_1527-3-300x225.jpg 300w, https:\/\/xitechindustrie.fr\/wp-content\/uploads\/2022\/04\/IMG_1527-3-768x576.jpg 768w, https:\/\/xitechindustrie.fr\/wp-content\/uploads\/2022\/04\/IMG_1527-3-1536x1152.jpg 1536w, https:\/\/xitechindustrie.fr\/wp-content\/uploads\/2022\/04\/IMG_1527-3-2048x1536.jpg 2048w\" sizes=\"(max-width: 1024px) 100vw, 1024px\" \/><\/figure><\/li><li class=\"blocks-gallery-item\"><figure><img loading=\"lazy\" width=\"768\" height=\"1024\" src=\"https:\/\/xitechindustrie.fr\/wp-content\/uploads\/2022\/04\/IMG_1541-1-768x1024.jpg\" alt=\"\" data-id=\"416\" data-full-url=\"https:\/\/xitechindustrie.fr\/wp-content\/uploads\/2022\/04\/IMG_1541-1-scaled.jpg\" data-link=\"https:\/\/xitechindustrie.fr\/index.php\/automatisme\/img_1541-1\/\" class=\"wp-image-416\" srcset=\"https:\/\/xitechindustrie.fr\/wp-content\/uploads\/2022\/04\/IMG_1541-1-768x1024.jpg 768w, https:\/\/xitechindustrie.fr\/wp-content\/uploads\/2022\/04\/IMG_1541-1-225x300.jpg 225w, https:\/\/xitechindustrie.fr\/wp-content\/uploads\/2022\/04\/IMG_1541-1-1152x1536.jpg 1152w, https:\/\/xitechindustrie.fr\/wp-content\/uploads\/2022\/04\/IMG_1541-1-1536x2048.jpg 1536w, https:\/\/xitechindustrie.fr\/wp-content\/uploads\/2022\/04\/IMG_1541-1-scaled.jpg 1920w\" sizes=\"(max-width: 768px) 100vw, 768px\" \/><\/figure><\/li><li class=\"blocks-gallery-item\"><figure><img loading=\"lazy\" width=\"768\" height=\"1024\" src=\"https:\/\/xitechindustrie.fr\/wp-content\/uploads\/2022\/04\/IMG_1562-1-768x1024.jpg\" alt=\"\" data-id=\"417\" data-full-url=\"https:\/\/xitechindustrie.fr\/wp-content\/uploads\/2022\/04\/IMG_1562-1-scaled.jpg\" data-link=\"https:\/\/xitechindustrie.fr\/index.php\/automatisme\/img_1562-1\/\" class=\"wp-image-417\" srcset=\"https:\/\/xitechindustrie.fr\/wp-content\/uploads\/2022\/04\/IMG_1562-1-768x1024.jpg 768w, https:\/\/xitechindustrie.fr\/wp-content\/uploads\/2022\/04\/IMG_1562-1-225x300.jpg 225w, https:\/\/xitechindustrie.fr\/wp-content\/uploads\/2022\/04\/IMG_1562-1-1152x1536.jpg 1152w, https:\/\/xitechindustrie.fr\/wp-content\/uploads\/2022\/04\/IMG_1562-1-1536x2048.jpg 1536w, https:\/\/xitechindustrie.fr\/wp-content\/uploads\/2022\/04\/IMG_1562-1-scaled.jpg 1920w\" sizes=\"(max-width: 768px) 100vw, 768px\" \/><\/figure><\/li><li class=\"blocks-gallery-item\"><figure><img loading=\"lazy\" width=\"1024\" height=\"768\" src=\"https:\/\/xitechindustrie.fr\/wp-content\/uploads\/2022\/04\/IMG_1568-1-1024x768.jpg\" alt=\"\" data-id=\"418\" data-full-url=\"https:\/\/xitechindustrie.fr\/wp-content\/uploads\/2022\/04\/IMG_1568-1-scaled.jpg\" data-link=\"https:\/\/xitechindustrie.fr\/index.php\/automatisme\/img_1568-1\/\" class=\"wp-image-418\" srcset=\"https:\/\/xitechindustrie.fr\/wp-content\/uploads\/2022\/04\/IMG_1568-1-1024x768.jpg 1024w, https:\/\/xitechindustrie.fr\/wp-content\/uploads\/2022\/04\/IMG_1568-1-300x225.jpg 300w, https:\/\/xitechindustrie.fr\/wp-content\/uploads\/2022\/04\/IMG_1568-1-768x576.jpg 768w, https:\/\/xitechindustrie.fr\/wp-content\/uploads\/2022\/04\/IMG_1568-1-1536x1152.jpg 1536w, https:\/\/xitechindustrie.fr\/wp-content\/uploads\/2022\/04\/IMG_1568-1-2048x1536.jpg 2048w\" sizes=\"(max-width: 1024px) 100vw, 1024px\" \/><\/figure><\/li><li class=\"blocks-gallery-item\"><figure><img loading=\"lazy\" width=\"768\" height=\"1024\" src=\"https:\/\/xitechindustrie.fr\/wp-content\/uploads\/2022\/04\/IMG_1571-1-768x1024.jpg\" alt=\"\" data-id=\"419\" data-full-url=\"https:\/\/xitechindustrie.fr\/wp-content\/uploads\/2022\/04\/IMG_1571-1-scaled.jpg\" data-link=\"https:\/\/xitechindustrie.fr\/index.php\/automatisme\/img_1571-1\/\" class=\"wp-image-419\" srcset=\"https:\/\/xitechindustrie.fr\/wp-content\/uploads\/2022\/04\/IMG_1571-1-768x1024.jpg 768w, https:\/\/xitechindustrie.fr\/wp-content\/uploads\/2022\/04\/IMG_1571-1-225x300.jpg 225w, https:\/\/xitechindustrie.fr\/wp-content\/uploads\/2022\/04\/IMG_1571-1-1152x1536.jpg 1152w, https:\/\/xitechindustrie.fr\/wp-content\/uploads\/2022\/04\/IMG_1571-1-1536x2048.jpg 1536w, https:\/\/xitechindustrie.fr\/wp-content\/uploads\/2022\/04\/IMG_1571-1-scaled.jpg 1920w\" sizes=\"(max-width: 768px) 100vw, 768px\" \/><\/figure><\/li><li class=\"blocks-gallery-item\"><figure><img loading=\"lazy\" width=\"768\" height=\"1024\" src=\"https:\/\/xitechindustrie.fr\/wp-content\/uploads\/2022\/04\/IMG_1577-768x1024.jpg\" alt=\"\" data-id=\"420\" data-full-url=\"https:\/\/xitechindustrie.fr\/wp-content\/uploads\/2022\/04\/IMG_1577-scaled.jpg\" data-link=\"https:\/\/xitechindustrie.fr\/index.php\/automatisme\/img_1577\/\" class=\"wp-image-420\" srcset=\"https:\/\/xitechindustrie.fr\/wp-content\/uploads\/2022\/04\/IMG_1577-768x1024.jpg 768w, https:\/\/xitechindustrie.fr\/wp-content\/uploads\/2022\/04\/IMG_1577-225x300.jpg 225w, https:\/\/xitechindustrie.fr\/wp-content\/uploads\/2022\/04\/IMG_1577-1152x1536.jpg 1152w, https:\/\/xitechindustrie.fr\/wp-content\/uploads\/2022\/04\/IMG_1577-1536x2048.jpg 1536w, https:\/\/xitechindustrie.fr\/wp-content\/uploads\/2022\/04\/IMG_1577-scaled.jpg 1920w\" sizes=\"(max-width: 768px) 100vw, 768px\" \/><\/figure><\/li><\/ul><\/figure>\n<\/div><\/div>\n<\/div>\n<\/div>\n","protected":false},"excerpt":{"rendered":"<p>Nous \u00e9tudions et r\u00e9alisons des \u00e9quipements d&#8217;automatisation et de supervision de machines ou de process de fabrication Aujourd\u2019hui c&#8217;est vital pour un industriel d\u2019exploiter au maximum tous les potentiels d\u2019optimisation, que permet l\u2019ensemble du cycle de vie d\u2019une machine ou d\u2019une installation. La mise en place d\u2019un syst\u00e8me de supervision vous permet de visualiser en&nbsp;temps [&hellip;]<\/p>\n","protected":false},"author":1,"featured_media":0,"parent":0,"menu_order":0,"comment_status":"closed","ping_status":"closed","template":"","meta":[],"_links":{"self":[{"href":"https:\/\/xitechindustrie.fr\/index.php\/wp-json\/wp\/v2\/pages\/228"}],"collection":[{"href":"https:\/\/xitechindustrie.fr\/index.php\/wp-json\/wp\/v2\/pages"}],"about":[{"href":"https:\/\/xitechindustrie.fr\/index.php\/wp-json\/wp\/v2\/types\/page"}],"author":[{"embeddable":true,"href":"https:\/\/xitechindustrie.fr\/index.php\/wp-json\/wp\/v2\/users\/1"}],"replies":[{"embeddable":true,"href":"https:\/\/xitechindustrie.fr\/index.php\/wp-json\/wp\/v2\/comments?post=228"}],"version-history":[{"count":10,"href":"https:\/\/xitechindustrie.fr\/index.php\/wp-json\/wp\/v2\/pages\/228\/revisions"}],"predecessor-version":[{"id":421,"href":"https:\/\/xitechindustrie.fr\/index.php\/wp-json\/wp\/v2\/pages\/228\/revisions\/421"}],"wp:attachment":[{"href":"https:\/\/xitechindustrie.fr\/index.php\/wp-json\/wp\/v2\/media?parent=228"}],"curies":[{"name":"wp","href":"https:\/\/api.w.org\/{rel}","templated":true}]}}